{"id":13,"date":"2017-06-07T16:00:18","date_gmt":"2017-06-07T19:00:18","guid":{"rendered":"https:\/\/www.unasp.br\/?page_id=13"},"modified":"2024-02-14T12:07:12","modified_gmt":"2024-02-14T15:07:12","slug":"pagina-inicial","status":"publish","type":"page","link":"https:\/\/unasp.br\/ciencia\/","title":{"rendered":"Home &#8211; UNASP Ci\u00eancia"},"content":{"rendered":"<p>[vc_row 0=&#8221;&#8221;][vc_column 0=&#8221;&#8221;]\n\t\t\t<!-- START SLIDER_home REVOLUTION SLIDER 6.7.36 --><p class=\"rs-p-wp-fix\"><\/p>\n\t\t\t<rs-module-wrap id=\"rev_slider_96_1_wrapper\" data-source=\"gallery\" style=\"visibility:hidden;background:#aaaaaa;padding:0;margin:0px auto;margin-top:0;margin-bottom:0;\">\n\t\t\t\t<rs-module id=\"rev_slider_96_1\" style=\"\" data-version=\"6.7.36\">\n\t\t\t\t\t<rs-slides style=\"overflow: hidden; position: absolute;\">\n\t\t\t\t\t\t<rs-slide style=\"position: absolute;\" data-key=\"rs-194\" data-title=\"Grupos de Pesquisa\" data-anim=\"adpr:false;\" data-in=\"o:0;\" data-out=\"a:false;\">\n\t\t\t\t\t\t\t<img decoding=\"async\" src=\"\/\/unasp.br\/ciencia\/wp-content\/plugins\/revslider\/sr6\/assets\/assets\/dummy.png\" alt=\"\" title=\"SLIDER_GRUPO DE PESQUISA\" width=\"1334\" height=\"750\" class=\"rev-slidebg tp-rs-img rs-lazyload\" data-lazyload=\"\/\/cdn.unasp.br\/ciencia\/2021\/09\/SLIDER_GRUPO-DE-PESQUISA.jpg\" data-parallax=\"off\" data-no-retina>\n<!--\n\t\t\t\t\t\t\t--><rs-layer\n\t\t\t\t\t\t\t\tid=\"slider-96-slide-194-layer-0\" \n\t\t\t\t\t\t\t\tdata-type=\"shape\"\n\t\t\t\t\t\t\t\tdata-rsp_ch=\"on\"\n\t\t\t\t\t\t\t\tdata-xy=\"x:c;y:m;\"\n\t\t\t\t\t\t\t\tdata-text=\"w:normal;\"\n\t\t\t\t\t\t\t\tdata-dim=\"w:4389px,4389px,4389px,1698px;h:2000px,2000px,2000px,773px;\"\n\t\t\t\t\t\t\t\tdata-frame_999=\"o:0;st:w;sR:8700;\"\n\t\t\t\t\t\t\t\tstyle=\"z-index:8;background-color:rgba(0,0,0,0.3);\"\n\t\t\t\t\t\t\t> \n\t\t\t\t\t\t\t<\/rs-layer><!--\n\n\t\t\t\t\t\t\t--><a\n\t\t\t\t\t\t\t\tid=\"slider-96-slide-194-layer-4\" \n\t\t\t\t\t\t\t\tclass=\"rs-layer rev-btn\"\n\t\t\t\t\t\t\t\thref=\"https:\/\/www.unasp.br\/ciencia\/pesquisa-e-extensao\/grupos-de-pesquisa\/\" target=\"_self\"\n\t\t\t\t\t\t\t\tdata-type=\"button\"\n\t\t\t\t\t\t\t\tdata-color=\"rgba(255,255,255,1)\"\n\t\t\t\t\t\t\t\tdata-rsp_ch=\"on\"\n\t\t\t\t\t\t\t\tdata-xy=\"x:l,l,l,c;xo:220px,220px,220px,0;y:m;yo:259px,259px,259px,234px;\"\n\t\t\t\t\t\t\t\tdata-text=\"w:normal;l:60,60,60,50;ls:3,3,3,2px;a:inherit;\"\n\t\t\t\t\t\t\t\tdata-padding=\"r:43,43,43,30;l:43,43,43,30;\"\n\t\t\t\t\t\t\t\tdata-border=\"bor:30px,30px,30px,30px;\"\n\t\t\t\t\t\t\t\tdata-frame_0=\"o:1;\"\n\t\t\t\t\t\t\t\tdata-frame_999=\"z:0;e:power4.out;st:w;sR:8700;\"\n\t\t\t\t\t\t\t\tdata-frame_hover=\"bgc:linear-gradient(90deg, rgba(253,113,77,1) 0%, rgba(255,81,81,1) 100%);boc:#fff;bor:30px,30px,30px,30px;bos:solid;bow:1px,1px,1px,1px;oX:50;oY:50;sp:0;e:none;\"\n\t\t\t\t\t\t\t\tstyle=\"z-index:9;background:linear-gradient(90deg, rgba(253,113,77,1) 0%, rgba(255,81,81,1) 100%);font-family:'Roboto Mono';cursor:pointer;outline:none;box-shadow:none;box-sizing:border-box;-moz-box-sizing:border-box;-webkit-box-sizing:border-box;\"\n\t\t\t\t\t\t\t>SAIBA <i class=\"fa-plus\"><\/i> \n\t\t\t\t\t\t\t<\/a><!--\n\n\t\t\t\t\t\t\t--><rs-layer\n\t\t\t\t\t\t\t\tid=\"slider-96-slide-194-layer-11\" \n\t\t\t\t\t\t\t\tdata-type=\"text\"\n\t\t\t\t\t\t\t\tdata-rsp_ch=\"on\"\n\t\t\t\t\t\t\t\tdata-xy=\"xo:100px,100px,100px,30px;yo:359px,359px,359px,234px;\"\n\t\t\t\t\t\t\t\tdata-text=\"w:normal;s:90,90,90,63;l:100,100,100,70;fw:600;\"\n\t\t\t\t\t\t\t\tdata-dim=\"w:789px,789px,789px,385px;h:auto,auto,auto,149px;\"\n\t\t\t\t\t\t\t\tdata-padding=\"t:0,0,0,5;l:20,20,20,15;\"\n\t\t\t\t\t\t\t\tdata-frame_0=\"o:1;\"\n\t\t\t\t\t\t\t\tdata-frame_999=\"o:0;st:w;sR:8700;\"\n\t\t\t\t\t\t\t\tstyle=\"z-index:10;background-color:#0e395e;font-family:'Mukta Vaani';\"\n\t\t\t\t\t\t\t>Grupo de Pesquisa \n\t\t\t\t\t\t\t<\/rs-layer><!--\n\n\t\t\t\t\t\t\t--><rs-layer\n\t\t\t\t\t\t\t\tid=\"slider-96-slide-194-layer-12\" \n\t\t\t\t\t\t\t\tdata-type=\"text\"\n\t\t\t\t\t\t\t\tdata-rsp_ch=\"on\"\n\t\t\t\t\t\t\t\tdata-xy=\"xo:264px,264px,264px,79px;yo:457px,457px,457px,383px;\"\n\t\t\t\t\t\t\t\tdata-text=\"w:normal;s:35,35,35,25;l:35,35,35,28;fw:200;\"\n\t\t\t\t\t\t\t\tdata-dim=\"w:669px,669px,669px,368.993px;h:156px,156px,156px,163.993px;\"\n\t\t\t\t\t\t\t\tdata-padding=\"t:6,6,6,10;l:20,20,20,15;\"\n\t\t\t\t\t\t\t\tdata-frame_999=\"o:0;st:w;sR:8700;\"\n\t\t\t\t\t\t\t\tstyle=\"z-index:10;background-color:#2464a4;font-family:'Mukta Vaani';\"\n\t\t\t\t\t\t\t>Voc\u00ea Sempre teve interesse pelo universo da pesquisa, mas nunca soube por onde come\u00e7ar? Essa \u00e9 a sua oportunidade de contribuir com a ci\u00eancia e ainda fazer amigos! \n\t\t\t\t\t\t\t<\/rs-layer><!--\n-->\t\t\t\t\t<\/rs-slide>\n\t\t\t\t\t<\/rs-slides>\n\t\t\t\t<\/rs-module>\n\t\t\t\t<script>\n\t\t\t\t\tsetREVStartSize({c: 'rev_slider_96_1',rl:[1240,1240,1240,480],el:[868,868,868,720],gw:[1240,1240,1240,480],gh:[868,868,868,720],type:'standard',justify:'',layout:'fullwidth',mh:\"0\"});if (window.RS_MODULES!==undefined && window.RS_MODULES.modules!==undefined && window.RS_MODULES.modules[\"revslider961\"]!==undefined) {window.RS_MODULES.modules[\"revslider961\"].once = false;window.revapi96 = undefined;if (window.RS_MODULES.checkMinimal!==undefined) window.RS_MODULES.checkMinimal()}\n\t\t\t\t<\/script>\n\t\t\t<\/rs-module-wrap>\n\t\t\t<!-- END REVOLUTION SLIDER -->\n[\/vc_column][\/vc_row][vc_row][vc_column][vc_empty_space height=&#8221;60px&#8221;]\n<div id=\"p\" class=\"una-paragraph una-anchor\" data-size=\"medium\">\n    <h1 style=\"text-align: center;\">ESTUDOS E PESQUISAS<\/h1>\n<p style=\"text-align: center;\">Confira os trabalhos mais recentes elaborados pelos pesquisadores do UNASP e publicados em peri\u00f3dicos cient\u00edficos. Voc\u00ea ter\u00e1 acesso ao resumo dos trabalhos e poder\u00e1 conferir o estudo na \u00edntegra clicando nos links indicados em cada artigo.<\/p>\n<\/div>\n[vc_zigzag color=&#8221;white&#8221; el_border_width=&#8221;15&#8243;][vc_zigzag color=&#8221;white&#8221; el_border_width=&#8221;15&#8243;][vc_zigzag color=&#8221;white&#8221; el_border_width=&#8221;15&#8243;][vc_zigzag color=&#8221;white&#8221; el_border_width=&#8221;15&#8243;]\n<div id=\"p\" class=\"una-paragraph una-anchor\" data-size=\"medium\">\n    <\/div>\n[vc_zigzag color=&#8221;white&#8221; el_border_width=&#8221;15&#8243;][vc_zigzag color=&#8221;white&#8221; el_border_width=&#8221;15&#8243;][vc_zigzag color=&#8221;white&#8221; el_border_width=&#8221;15&#8243;]\n<div  class=\"una-hero full-width\"\n  >     <div class=\"una-hero__image-wrapper\">\n        <img decoding=\"async\" src=\"https:\/\/cdn.unasp.br\/ciencia\/2021\/09\/214962-scaled-1-1152x720.jpg\" \/>\n    <\/div>\n\n    <div id=\"heroDeConteudoAncora\"\n         class=\"una-hero__content container una-anchor\"\n    >\n\n        \n        \n                    <div class=\"una-hero__title\"\n                 data-size=\"large\"\n            >\n                \n                EXPLORE O UNASP CI\u00caNCIA            <\/div>\n        \n        \n        \n                    <h3 style=\"text-align: center;\">O portal UNASP Ci\u00eancia disponibiliza um espa\u00e7o para melhor articular a rela\u00e7\u00e3o dos docentes e discentes com o universo cient\u00edfico. Ele tem tudo o que os pesquisadores do UNASP necessitam para planejar e potencializar sua vida acad\u00eamica.<\/h3>\n<div style=\"width: 100%;\"><iframe loading=\"lazy\" title=\"Unasp Cie\u0302ncia - O Portal do Pesquisador\" src=\"https:\/\/www.youtube.com\/embed\/DjWNrCBQTgM\" width=\"100%\" height=\"500px\" frameborder=\"0\" allowfullscreen=\"allowfullscreen\"><\/iframe><\/div>\n        \n        \n        \n        \n        \n            <\/div>\n\n\n\n<\/div>\n<div id=\"p\" class=\"una-paragraph una-anchor\" data-size=\"medium\">\n    <h1><\/h1>\n<h1 style=\"text-align: center;\"><strong>NOT\u00cdCIAS E EVENTOS<\/strong><\/h1>\n<\/div>\n<div class=\"una-stage full-width\" data-fill=\"lightGray\"> \n    <div class=\"una-accordion panel-group una-anchor\"\n         id=\"scholarships-accordion-d264940b95274752bcc207e9b96d3978 paragrafoComTituloLateralAncora\"\n          data-desktop=\"columns\"           data-sidebar=\"small\"    >\n\n                                <div class=\"panel panel-default\">\n                <div class=\"panel-heading\">\n                    <div class=\"una-accordion__title\"\n                          data-size=\"small\"                          data-weight=\"normal\"                    >\n\n                        <a data-parent=\"#scholarships-accordion-d264940b95274752bcc207e9b96d3978\"\n                           data-toggle=\"collapse\"\n                           data-target=\"#scholarships-accordion-d264940b95274752bcc207e9b96d3978-panel0\"\n                        >\n                            <span>PODCAST CONHECI\u00caNCIA<\/span>\n                            <i class=\"fa fa-chevron-down\"><\/i>\n                        <\/a>\n\n                    <\/div>\n                <\/div>\n\n\n                <div id=\"scholarships-accordion-d264940b95274752bcc207e9b96d3978-panel0\"\n                     class=\"panel-collapse collapse\">\n\n                    <div class=\"panel-body\">\n                        <p>O podcast <strong>Conheci\u00eancia<\/strong> \u00e9 dedicado \u00e0s descobertas, debates e novidades do mundo da ci\u00eancia. D\u00ea play e confira as \u00faltimas conversas e assuntos levantados pelo Conheci\u00eancia.<\/p>\n<div id=\"spotify\"><iframe loading=\"lazy\" src=\"https:\/\/open.spotify.com\/embed-podcast\/episode\/3VvaLualB49acfItCxyfEb\" width=\"100%\" height=\"232\" frameborder=\"0\"><\/iframe><\/div>\n\n                                            <\/div>\n                <\/div>\n            <\/div>\n            <\/div>\n\n<\/div>\n<div class=\"una-stage full-width\" data-fill=\"lightGray\"> \n    <div class=\"una-accordion panel-group una-anchor\"\n         id=\"scholarships-accordion-1ffb7533f4fe8fcaeeb617e2773fb1c5 paragrafoComTituloLateralAncora\"\n          data-desktop=\"columns\"           data-sidebar=\"small\"    >\n\n                                <div class=\"panel panel-default\">\n                <div class=\"panel-heading\">\n                    <div class=\"una-accordion__title\"\n                          data-size=\"small\"                          data-weight=\"normal\"                    >\n\n                        <a data-parent=\"#scholarships-accordion-1ffb7533f4fe8fcaeeb617e2773fb1c5\"\n                           data-toggle=\"collapse\"\n                           data-target=\"#scholarships-accordion-1ffb7533f4fe8fcaeeb617e2773fb1c5-panel0\"\n                        >\n                            <span>PODCAST TOQUE DE SA\u00daDE<\/span>\n                            <i class=\"fa fa-chevron-down\"><\/i>\n                        <\/a>\n\n                    <\/div>\n                <\/div>\n\n\n                <div id=\"scholarships-accordion-1ffb7533f4fe8fcaeeb617e2773fb1c5-panel0\"\n                     class=\"panel-collapse collapse\">\n\n                    <div class=\"panel-body\">\n                        <p>O podcast <strong>Toque de Sa\u00fade<\/strong> \u00e9 um bate-papo que promove o bem-estar, apresentado pela professora Cristina Zukowsky. Nele voc\u00ea fica por dentro das pesquisas realizadas pelos professores do Programa de Mestrado em Promo\u00e7\u00e3o da Sa\u00fade, oferecido pelo Centro Universit\u00e1rio Adventista de S\u00e3o Paulo (Unasp).<\/p>\n<p><iframe loading=\"lazy\" title=\"YouTube video player\" src=\"https:\/\/www.youtube.com\/embed\/videoseries?list=PL6j2ekZGW95ssYrS8XEOLY-E-vtZHXu4A\" width=\"760\" height=\"515\" frameborder=\"0\" allowfullscreen=\"allowfullscreen\"><span data-mce-type=\"bookmark\" style=\"display: inline-block; width: 0px; overflow: hidden; line-height: 0;\" class=\"mce_SELRES_start\">\ufeff<\/span><\/iframe><\/p>\n\n                                            <\/div>\n                <\/div>\n            <\/div>\n            <\/div>\n\n<\/div>\n[\/vc_column][\/vc_row][vc_row][vc_column][\/vc_column][\/vc_row]<\/p>\n","protected":false},"excerpt":{"rendered":"<p>[vc_row 0=&#8221;&#8221;][vc_column 0=&#8221;&#8221;][\/vc_column][\/vc_row][vc_row][vc_column][vc_empty_space height=&#8221;60px&#8221;][vc_zigzag color=&#8221;white&#8221; el_border_width=&#8221;15&#8243;][vc_zigzag color=&#8221;white&#8221; el_border_width=&#8221;15&#8243;][vc_zigzag color=&#8221;white&#8221; el_border_width=&#8221;15&#8243;][vc_zigzag color=&#8221;white&#8221; el_border_width=&#8221;15&#8243;][vc_zigzag color=&#8221;white&#8221; el_border_width=&#8221;15&#8243;][vc_zigzag color=&#8221;white&#8221; el_border_width=&#8221;15&#8243;][vc_zigzag color=&#8221;white&#8221; el_border_width=&#8221;15&#8243;][\/vc_column][\/vc_row][vc_row][vc_column][\/vc_column][\/vc_row]<\/p>\n","protected":false},"author":93,"featured_media":0,"parent":0,"menu_order":0,"comment_status":"closed","ping_status":"closed","template":"","meta":{"footnotes":""},"yoast_head":"<!-- This site is optimized with the Yoast SEO plugin v23.5 - https:\/\/yoast.com\/wordpress\/plugins\/seo\/ -->\n<title>UNASP Ci\u00eancia - Estimulando e promovendo a educa\u00e7\u00e3o e ci\u00eancia<\/title>\n<meta name=\"description\" content=\"Confira os trabalhos mais recentes elaborados pelos pesquisadores do UNASP e publicados em peri\u00f3dicos cient\u00edficos.\" \/>\n<meta name=\"robots\" content=\"index, follow, max-snippet:-1, max-image-preview:large, max-video-preview:-1\" \/>\n<link rel=\"canonical\" href=\"https:\/\/unasp.br\/ciencia\/\" \/>\n<meta property=\"og:locale\" content=\"pt_BR\" \/>\n<meta property=\"og:type\" content=\"article\" \/>\n<meta property=\"og:title\" content=\"UNASP Ci\u00eancia - Estimulando e promovendo a educa\u00e7\u00e3o e ci\u00eancia\" \/>\n<meta property=\"og:description\" content=\"Confira os trabalhos mais recentes elaborados pelos pesquisadores do UNASP e publicados em peri\u00f3dicos cient\u00edficos.\" \/>\n<meta property=\"og:url\" content=\"https:\/\/unasp.br\/ciencia\/\" \/>\n<meta property=\"og:site_name\" content=\"UNASP - Ci\u00eancia\" \/>\n<meta property=\"article:modified_time\" content=\"2024-02-14T15:07:12+00:00\" \/>\n<meta name=\"twitter:card\" content=\"summary_large_image\" \/>\n<meta name=\"twitter:label1\" content=\"Est. tempo de leitura\" \/>\n\t<meta name=\"twitter:data1\" content=\"2 minutos\" \/>\n<script type=\"application\/ld+json\" class=\"yoast-schema-graph\">{\"@context\":\"https:\/\/schema.org\",\"@graph\":[{\"@type\":\"WebPage\",\"@id\":\"https:\/\/unasp.br\/ciencia\/\",\"url\":\"https:\/\/unasp.br\/ciencia\/\",\"name\":\"UNASP Ci\u00eancia - Estimulando e promovendo a educa\u00e7\u00e3o e ci\u00eancia\",\"isPartOf\":{\"@id\":\"https:\/\/unasp.br\/ciencia\/#website\"},\"datePublished\":\"2017-06-07T19:00:18+00:00\",\"dateModified\":\"2024-02-14T15:07:12+00:00\",\"description\":\"Confira os trabalhos mais recentes elaborados pelos pesquisadores do UNASP e publicados em peri\u00f3dicos cient\u00edficos.\",\"breadcrumb\":{\"@id\":\"https:\/\/unasp.br\/ciencia\/#breadcrumb\"},\"inLanguage\":\"pt-BR\",\"potentialAction\":[{\"@type\":\"ReadAction\",\"target\":[\"https:\/\/unasp.br\/ciencia\/\"]}]},{\"@type\":\"BreadcrumbList\",\"@id\":\"https:\/\/unasp.br\/ciencia\/#breadcrumb\",\"itemListElement\":[{\"@type\":\"ListItem\",\"position\":1,\"name\":\"In\u00edcio\",\"item\":\"https:\/\/unasp.br\/ciencia\/\"},{\"@type\":\"ListItem\",\"position\":2,\"name\":\"Home &#8211; UNASP Ci\u00eancia\"}]},{\"@type\":\"WebSite\",\"@id\":\"https:\/\/unasp.br\/ciencia\/#website\",\"url\":\"https:\/\/unasp.br\/ciencia\/\",\"name\":\"UNASP - Ci\u00eancia\",\"description\":\"Centro Universit\u00e1rio Adventista de S\u00e3o Paulo\",\"potentialAction\":[{\"@type\":\"SearchAction\",\"target\":{\"@type\":\"EntryPoint\",\"urlTemplate\":\"https:\/\/unasp.br\/ciencia\/?s={search_term_string}\"},\"query-input\":{\"@type\":\"PropertyValueSpecification\",\"valueRequired\":true,\"valueName\":\"search_term_string\"}}],\"inLanguage\":\"pt-BR\"}]}<\/script>\n<!-- \/ Yoast SEO plugin. -->","yoast_head_json":{"title":"UNASP Ci\u00eancia - Estimulando e promovendo a educa\u00e7\u00e3o e ci\u00eancia","description":"Confira os trabalhos mais recentes elaborados pelos pesquisadores do UNASP e publicados em peri\u00f3dicos cient\u00edficos.","robots":{"index":"index","follow":"follow","max-snippet":"max-snippet:-1","max-image-preview":"max-image-preview:large","max-video-preview":"max-video-preview:-1"},"canonical":"https:\/\/unasp.br\/ciencia\/","og_locale":"pt_BR","og_type":"article","og_title":"UNASP Ci\u00eancia - Estimulando e promovendo a educa\u00e7\u00e3o e ci\u00eancia","og_description":"Confira os trabalhos mais recentes elaborados pelos pesquisadores do UNASP e publicados em peri\u00f3dicos cient\u00edficos.","og_url":"https:\/\/unasp.br\/ciencia\/","og_site_name":"UNASP - Ci\u00eancia","article_modified_time":"2024-02-14T15:07:12+00:00","twitter_card":"summary_large_image","twitter_misc":{"Est. tempo de leitura":"2 minutos"},"schema":{"@context":"https:\/\/schema.org","@graph":[{"@type":"WebPage","@id":"https:\/\/unasp.br\/ciencia\/","url":"https:\/\/unasp.br\/ciencia\/","name":"UNASP Ci\u00eancia - Estimulando e promovendo a educa\u00e7\u00e3o e ci\u00eancia","isPartOf":{"@id":"https:\/\/unasp.br\/ciencia\/#website"},"datePublished":"2017-06-07T19:00:18+00:00","dateModified":"2024-02-14T15:07:12+00:00","description":"Confira os trabalhos mais recentes elaborados pelos pesquisadores do UNASP e publicados em peri\u00f3dicos cient\u00edficos.","breadcrumb":{"@id":"https:\/\/unasp.br\/ciencia\/#breadcrumb"},"inLanguage":"pt-BR","potentialAction":[{"@type":"ReadAction","target":["https:\/\/unasp.br\/ciencia\/"]}]},{"@type":"BreadcrumbList","@id":"https:\/\/unasp.br\/ciencia\/#breadcrumb","itemListElement":[{"@type":"ListItem","position":1,"name":"In\u00edcio","item":"https:\/\/unasp.br\/ciencia\/"},{"@type":"ListItem","position":2,"name":"Home &#8211; UNASP Ci\u00eancia"}]},{"@type":"WebSite","@id":"https:\/\/unasp.br\/ciencia\/#website","url":"https:\/\/unasp.br\/ciencia\/","name":"UNASP - Ci\u00eancia","description":"Centro Universit\u00e1rio Adventista de S\u00e3o Paulo","potentialAction":[{"@type":"SearchAction","target":{"@type":"EntryPoint","urlTemplate":"https:\/\/unasp.br\/ciencia\/?s={search_term_string}"},"query-input":{"@type":"PropertyValueSpecification","valueRequired":true,"valueName":"search_term_string"}}],"inLanguage":"pt-BR"}]}},"_links":{"self":[{"href":"https:\/\/unasp.br\/ciencia\/wp-json\/wp\/v2\/pages\/13"}],"collection":[{"href":"https:\/\/unasp.br\/ciencia\/wp-json\/wp\/v2\/pages"}],"about":[{"href":"https:\/\/unasp.br\/ciencia\/wp-json\/wp\/v2\/types\/page"}],"author":[{"embeddable":true,"href":"https:\/\/unasp.br\/ciencia\/wp-json\/wp\/v2\/users\/93"}],"replies":[{"embeddable":true,"href":"https:\/\/unasp.br\/ciencia\/wp-json\/wp\/v2\/comments?post=13"}],"version-history":[{"count":283,"href":"https:\/\/unasp.br\/ciencia\/wp-json\/wp\/v2\/pages\/13\/revisions"}],"predecessor-version":[{"id":24051,"href":"https:\/\/unasp.br\/ciencia\/wp-json\/wp\/v2\/pages\/13\/revisions\/24051"}],"wp:attachment":[{"href":"https:\/\/unasp.br\/ciencia\/wp-json\/wp\/v2\/media?parent=13"}],"curies":[{"name":"wp","href":"https:\/\/api.w.org\/{rel}","templated":true}]}}