{"id":22355,"date":"2021-04-14T10:56:12","date_gmt":"2021-04-14T13:56:12","guid":{"rendered":"https:\/\/www.unasp.br\/ciencia\/?page_id=22355"},"modified":"2024-02-14T13:50:19","modified_gmt":"2024-02-14T16:50:19","slug":"stricto-sensu","status":"publish","type":"page","link":"https:\/\/unasp.br\/ciencia\/stricto-sensu\/","title":{"rendered":"Stricto Sensu"},"content":{"rendered":"<p>[vc_row][vc_column]\n<div class=\"una-inner-navbar-wrapper full-width\"\n     data-font-size=\"normal\"\n          >\n    <nav class=\"navbar una-inner-navbar\"\n             >\n        <div class=\"navbar-header\">\n            <button type=\"button\"\n                    class=\"navbar-toggle collapsed\"\n                    data-toggle=\"collapse\"\n                    data-target=\"#inner-navbar5__collapse-1\"\n                    aria-expanded=\"false\">\n                <span>Navegue nas p\u00e1ginas desta se\u00e7\u00e3o<\/span>\n                <i class=\"fa fa-caret-down\"><\/i>\n                <i class=\"fa fa-caret-up\"><\/i>\n            <\/button>\n        <\/div>\n\n        <div class=\"collapse navbar-collapse\"\n             id=\"inner-navbar5__collapse-1\">\n            <ul class=\"una-inner-navbar__nav nav navbar-nav\">\n                                        <li class=\"\" >\n                            <a href=\"#quem-somos-stricto-sensu\" >\n                                quem somos                            <\/a>\n                        <\/li>\n                                                            <li class=\"\" >\n                            <a href=\"#programas-stricto-sensu\" >\n                                programas                            <\/a>\n                        <\/li>\n                                    \n                <li class=\"dropdown\"\n                    data-context=\"more\"\n                >\n                    <a href=\"javascript:void(0)\"\n                       class=\"dropdown-toggle\"\n                       data-toggle=\"dropdown\"\n                       role=\"button\"\n                       aria-haspopup=\"true\"\n                       aria-expanded=\"false\"\n                    >\n                        Mais <span class=\"caret\"><\/span>\n                    <\/a>\n                    <ul class=\"dropdown-menu\"><\/ul>\n                <\/li>\n            <\/ul>\n        <\/div>\n    <\/nav>\n<\/div>\n[\/vc_column][\/vc_row][vc_row][vc_column]\n<div id=\"quem-somos-stricto-sensu\" class=\"una-paragraph una-anchor\" data-size=\"medium\">\n    <div class=\"elementor-element elementor-element-9e43779 elementor-widget elementor-widget-heading\" data-id=\"9e43779\" data-element_type=\"widget\" data-widget_type=\"heading.default\">\n<div class=\"elementor-widget-container\">\n<h1 class=\"elementor-heading-title elementor-size-default\">QUEM SOMOS<\/h1>\n<\/div>\n<\/div>\n<div class=\"elementor-element elementor-element-e8559f9 elementor-widget elementor-widget-text-editor\" data-id=\"e8559f9\" data-element_type=\"widget\" data-widget_type=\"text-editor.default\">\n<div class=\"elementor-widget-container\">\n<div class=\"elementor-text-editor elementor-clearfix\">\n<p>Com 105 anos de hist\u00f3ria, o\u00a0<strong>Centro Universit\u00e1rio Adventista de S\u00e3o Paulo (UNASP)<\/strong>\u00a0\u00e9 reconhecido por seus cursos de gradua\u00e7\u00e3o e p\u00f3s-gradua\u00e7\u00e3o, que abrangem diversas \u00e1reas do conhecimento. Para al\u00e9m das modalidades j\u00e1 conhecidas de p\u00f3s-gradua\u00e7\u00e3o\u00a0<em>lato-sensu<\/em>, oferecidas em regime EAD, o Unasp conta com dois mestrados profissionais em duas grandes \u00e1reas: sa\u00fade e educa\u00e7\u00e3o. A cria\u00e7\u00e3o de programas que fortalecem a pesquisa na institui\u00e7\u00e3o est\u00e1 relacionada com a\u00a0<strong>Vis\u00e3o UNASP 2030<\/strong>, um projeto criado para que o Centro Universit\u00e1rio Adventista se fortale\u00e7a como refer\u00eancia acad\u00eamica, social, cultural e administrativa e, at\u00e9 o ano de 2030, receba o\u00a0<em>status<\/em>\u00a0de universidade, tornando-se ent\u00e3o a primeira universidade adventista do Brasil.<\/p>\n<\/div>\n<\/div>\n<\/div>\n<\/div>\n\n<div id=\"programas-stricto-sensu\" class=\"una-paragraph una-anchor\" data-size=\"medium\">\n    <div class=\"elementor-element elementor-element-26e9dd8 elementor-widget elementor-widget-heading\" data-id=\"26e9dd8\" data-element_type=\"widget\" data-widget_type=\"heading.default\">\n<div class=\"elementor-widget-container\">\n<h1 class=\"elementor-heading-title elementor-size-default\">PROGRAMAS<\/h1>\n<\/div>\n<\/div>\n<div class=\"elementor-element elementor-element-d45dc9b elementor-widget elementor-widget-text-editor\" data-id=\"d45dc9b\" data-element_type=\"widget\" data-widget_type=\"text-editor.default\">\n<div class=\"elementor-widget-container\">\n<div class=\"elementor-text-editor elementor-clearfix\">\n<ul>\n<li><a href=\"https:\/\/unasp.br\/mestrado\/mestrado-educacao\/\">Mestrado Profissional em Educa\u00e7\u00e3o<\/a><\/li>\n<li><a href=\"https:\/\/unasp.br\/mestrado\/mestrado-saude\/\">Mestrado Profissional em Promo\u00e7\u00e3o da Sa\u00fade<\/a><\/li>\n<\/ul>\n<\/div>\n<\/div>\n<\/div>\n<\/div>\n\n<div id=\"Edital-de-pos-stricto-sensu\" class=\"una-paragraph una-anchor\" data-size=\"medium\">\n    <div class=\"pos\">\n<h1>Edital de P\u00f3s-doutorado em Promo\u00e7\u00e3o da Sa\u00fade<\/h1>\n<p>Edital de P\u00f3s-Doutorado <a href=\"https:\/\/www.unasp.br\/ciencia\/wp-content\/uploads\/2022\/03\/1.-Edital-de-Posdoc-com-assinatura.pdf\">[clique aqui]<\/a><br \/>\nRegimento de P\u00f3s-Doutorado <a href=\"https:\/\/www.unasp.br\/ciencia\/wp-content\/uploads\/2022\/03\/1.-Regimento-de-Posdoc.docx\">[clique aqui]<\/a><br \/>\nAnexo I &#8211; Aceite de Supervisa\u0303o <a href=\"https:\/\/www.unasp.br\/ciencia\/wp-content\/uploads\/2022\/03\/1.-ANEXO-I-Aceite-de-Supervisa\u0303o.docx\">[clique aqui]<\/a><br \/>\nAnexo II &#8211; Dados Gerais <a href=\"https:\/\/www.unasp.br\/ciencia\/wp-content\/uploads\/2022\/03\/1.-ANEXO-II-Dados-Gerais.docx\">[clique aqui]<\/a><br \/>\nAnexo III &#8211; Vi\u0301nculo empregati\u0301cio <a href=\"https:\/\/www.unasp.br\/ciencia\/wp-content\/uploads\/2022\/03\/1.-ANEXO-III-Vi\u0301nculo-empregati\u0301cio.docx\">[clique aqui]<\/a><br \/>\nAnexo IV &#8211; Reconhecimento de propriedade intelectual <a href=\"https:\/\/www.unasp.br\/ciencia\/wp-content\/uploads\/2022\/03\/1.-ANEXO-IV-Reconhecimento-de-propriedade-intelectual.docx\">[clique aqui]<\/a><\/p>\n<\/div>\n<style>\n.pos{<br \/>display:none;<br \/>}<br \/><\/style>\n<\/div>\n[vc_raw_html]JTNDc3R5bGUlM0UlMEEucG9zJTdCJTBBZGlzcGxheSUzQW5vbmUlM0IlMEElN0QlMEElM0MlMkZzdHlsZSUzRQ==[\/vc_raw_html][\/vc_column][\/vc_row]<\/p>\n","protected":false},"excerpt":{"rendered":"<p>[vc_row][vc_column][\/vc_column][\/vc_row][vc_row][vc_column][vc_raw_html]JTNDc3R5bGUlM0UlMEEucG9zJTdCJTBBZGlzcGxheSUzQW5vbmUlM0IlMEElN0QlMEElM0MlMkZzdHlsZSUzRQ==[\/vc_raw_html][\/vc_column][\/vc_row]<\/p>\n","protected":false},"author":93,"featured_media":0,"parent":0,"menu_order":0,"comment_status":"closed","ping_status":"closed","template":"","meta":{"footnotes":""},"yoast_head":"<!-- This site is optimized with the Yoast SEO plugin v23.5 - https:\/\/yoast.com\/wordpress\/plugins\/seo\/ -->\n<title>Stricto Sensu - Unasp ci\u00eancia, promovendo a pesquisa<\/title>\n<meta name=\"description\" content=\"Stricto Sensu, a cria\u00e7\u00e3o de programas que fortalecem a pesquisa na institui\u00e7\u00e3o \u00e9 um dos principais focos do UNASP.\" \/>\n<meta name=\"robots\" content=\"index, follow, max-snippet:-1, max-image-preview:large, max-video-preview:-1\" \/>\n<link rel=\"canonical\" href=\"https:\/\/unasp.br\/ciencia\/stricto-sensu\/\" \/>\n<meta property=\"og:locale\" content=\"pt_BR\" \/>\n<meta property=\"og:type\" content=\"article\" \/>\n<meta property=\"og:title\" content=\"Stricto Sensu - Unasp ci\u00eancia, promovendo a pesquisa\" \/>\n<meta property=\"og:description\" content=\"Stricto Sensu, a cria\u00e7\u00e3o de programas que fortalecem a pesquisa na institui\u00e7\u00e3o \u00e9 um dos principais focos do UNASP.\" \/>\n<meta property=\"og:url\" content=\"https:\/\/unasp.br\/ciencia\/stricto-sensu\/\" \/>\n<meta property=\"og:site_name\" content=\"UNASP - Ci\u00eancia\" \/>\n<meta property=\"article:modified_time\" content=\"2024-02-14T16:50:19+00:00\" \/>\n<meta name=\"twitter:card\" content=\"summary_large_image\" \/>\n<meta name=\"twitter:label1\" content=\"Est. tempo de leitura\" \/>\n\t<meta name=\"twitter:data1\" content=\"1 minuto\" \/>\n<script type=\"application\/ld+json\" class=\"yoast-schema-graph\">{\"@context\":\"https:\/\/schema.org\",\"@graph\":[{\"@type\":\"WebPage\",\"@id\":\"https:\/\/unasp.br\/ciencia\/stricto-sensu\/\",\"url\":\"https:\/\/unasp.br\/ciencia\/stricto-sensu\/\",\"name\":\"Stricto Sensu - Unasp ci\u00eancia, promovendo a pesquisa\",\"isPartOf\":{\"@id\":\"https:\/\/unasp.br\/ciencia\/#website\"},\"datePublished\":\"2021-04-14T13:56:12+00:00\",\"dateModified\":\"2024-02-14T16:50:19+00:00\",\"description\":\"Stricto Sensu, a cria\u00e7\u00e3o de programas que fortalecem a pesquisa na institui\u00e7\u00e3o \u00e9 um dos principais focos do UNASP.\",\"breadcrumb\":{\"@id\":\"https:\/\/unasp.br\/ciencia\/stricto-sensu\/#breadcrumb\"},\"inLanguage\":\"pt-BR\",\"potentialAction\":[{\"@type\":\"ReadAction\",\"target\":[\"https:\/\/unasp.br\/ciencia\/stricto-sensu\/\"]}]},{\"@type\":\"BreadcrumbList\",\"@id\":\"https:\/\/unasp.br\/ciencia\/stricto-sensu\/#breadcrumb\",\"itemListElement\":[{\"@type\":\"ListItem\",\"position\":1,\"name\":\"In\u00edcio\",\"item\":\"https:\/\/unasp.br\/ciencia\/\"},{\"@type\":\"ListItem\",\"position\":2,\"name\":\"Stricto Sensu\"}]},{\"@type\":\"WebSite\",\"@id\":\"https:\/\/unasp.br\/ciencia\/#website\",\"url\":\"https:\/\/unasp.br\/ciencia\/\",\"name\":\"UNASP - Ci\u00eancia\",\"description\":\"Centro Universit\u00e1rio Adventista de S\u00e3o Paulo\",\"potentialAction\":[{\"@type\":\"SearchAction\",\"target\":{\"@type\":\"EntryPoint\",\"urlTemplate\":\"https:\/\/unasp.br\/ciencia\/?s={search_term_string}\"},\"query-input\":{\"@type\":\"PropertyValueSpecification\",\"valueRequired\":true,\"valueName\":\"search_term_string\"}}],\"inLanguage\":\"pt-BR\"}]}<\/script>\n<!-- \/ Yoast SEO plugin. -->","yoast_head_json":{"title":"Stricto Sensu - Unasp ci\u00eancia, promovendo a pesquisa","description":"Stricto Sensu, a cria\u00e7\u00e3o de programas que fortalecem a pesquisa na institui\u00e7\u00e3o \u00e9 um dos principais focos do UNASP.","robots":{"index":"index","follow":"follow","max-snippet":"max-snippet:-1","max-image-preview":"max-image-preview:large","max-video-preview":"max-video-preview:-1"},"canonical":"https:\/\/unasp.br\/ciencia\/stricto-sensu\/","og_locale":"pt_BR","og_type":"article","og_title":"Stricto Sensu - Unasp ci\u00eancia, promovendo a pesquisa","og_description":"Stricto Sensu, a cria\u00e7\u00e3o de programas que fortalecem a pesquisa na institui\u00e7\u00e3o \u00e9 um dos principais focos do UNASP.","og_url":"https:\/\/unasp.br\/ciencia\/stricto-sensu\/","og_site_name":"UNASP - Ci\u00eancia","article_modified_time":"2024-02-14T16:50:19+00:00","twitter_card":"summary_large_image","twitter_misc":{"Est. tempo de leitura":"1 minuto"},"schema":{"@context":"https:\/\/schema.org","@graph":[{"@type":"WebPage","@id":"https:\/\/unasp.br\/ciencia\/stricto-sensu\/","url":"https:\/\/unasp.br\/ciencia\/stricto-sensu\/","name":"Stricto Sensu - Unasp ci\u00eancia, promovendo a pesquisa","isPartOf":{"@id":"https:\/\/unasp.br\/ciencia\/#website"},"datePublished":"2021-04-14T13:56:12+00:00","dateModified":"2024-02-14T16:50:19+00:00","description":"Stricto Sensu, a cria\u00e7\u00e3o de programas que fortalecem a pesquisa na institui\u00e7\u00e3o \u00e9 um dos principais focos do UNASP.","breadcrumb":{"@id":"https:\/\/unasp.br\/ciencia\/stricto-sensu\/#breadcrumb"},"inLanguage":"pt-BR","potentialAction":[{"@type":"ReadAction","target":["https:\/\/unasp.br\/ciencia\/stricto-sensu\/"]}]},{"@type":"BreadcrumbList","@id":"https:\/\/unasp.br\/ciencia\/stricto-sensu\/#breadcrumb","itemListElement":[{"@type":"ListItem","position":1,"name":"In\u00edcio","item":"https:\/\/unasp.br\/ciencia\/"},{"@type":"ListItem","position":2,"name":"Stricto Sensu"}]},{"@type":"WebSite","@id":"https:\/\/unasp.br\/ciencia\/#website","url":"https:\/\/unasp.br\/ciencia\/","name":"UNASP - Ci\u00eancia","description":"Centro Universit\u00e1rio Adventista de S\u00e3o Paulo","potentialAction":[{"@type":"SearchAction","target":{"@type":"EntryPoint","urlTemplate":"https:\/\/unasp.br\/ciencia\/?s={search_term_string}"},"query-input":{"@type":"PropertyValueSpecification","valueRequired":true,"valueName":"search_term_string"}}],"inLanguage":"pt-BR"}]}},"_links":{"self":[{"href":"https:\/\/unasp.br\/ciencia\/wp-json\/wp\/v2\/pages\/22355"}],"collection":[{"href":"https:\/\/unasp.br\/ciencia\/wp-json\/wp\/v2\/pages"}],"about":[{"href":"https:\/\/unasp.br\/ciencia\/wp-json\/wp\/v2\/types\/page"}],"author":[{"embeddable":true,"href":"https:\/\/unasp.br\/ciencia\/wp-json\/wp\/v2\/users\/93"}],"replies":[{"embeddable":true,"href":"https:\/\/unasp.br\/ciencia\/wp-json\/wp\/v2\/comments?post=22355"}],"version-history":[{"count":11,"href":"https:\/\/unasp.br\/ciencia\/wp-json\/wp\/v2\/pages\/22355\/revisions"}],"predecessor-version":[{"id":24057,"href":"https:\/\/unasp.br\/ciencia\/wp-json\/wp\/v2\/pages\/22355\/revisions\/24057"}],"wp:attachment":[{"href":"https:\/\/unasp.br\/ciencia\/wp-json\/wp\/v2\/media?parent=22355"}],"curies":[{"name":"wp","href":"https:\/\/api.w.org\/{rel}","templated":true}]}}