{"id":22947,"date":"2021-06-16T11:07:38","date_gmt":"2021-06-16T14:07:38","guid":{"rendered":"https:\/\/www.unasp.br\/ciencia\/?page_id=22947"},"modified":"2022-11-23T08:21:07","modified_gmt":"2022-11-23T11:21:07","slug":"enaic","status":"publish","type":"page","link":"https:\/\/unasp.br\/ciencia\/enaic\/","title":{"rendered":"ENAIC"},"content":{"rendered":"<p>[vc_row][vc_column]\n<div id=\"b\" class=\"una-banner full-width una-anchor\">\n    <a href=\"http:\/\/b\">\n        <img decoding=\"async\" src=\"\"\n             data-query=\"lg\">\n\n        <img decoding=\"async\" src=\"\"\n             data-query=\"tablet\">\n\n        <img decoding=\"async\" src=\"\"\n             data-query=\"sm\">\n    <\/a>\n<\/div>\n\n<div class=\"una-inner-navbar-wrapper full-width\"\n     data-font-size=\"normal\"\n      data-fill=\"darkBlue\"      data-title=\"true\">\n    <nav class=\"navbar una-inner-navbar container\"\n             >\n        <div class=\"navbar-header\">\n            <button type=\"button\"\n                    class=\"navbar-toggle collapsed\"\n                    data-toggle=\"collapse\"\n                    data-target=\"#inner-navbar5__collapse-1\"\n                    aria-expanded=\"false\">\n                <span>MENUS<\/span>\n                <i class=\"fa fa-caret-down\"><\/i>\n                <i class=\"fa fa-caret-up\"><\/i>\n            <\/button>\n        <\/div>\n\n        <div class=\"collapse navbar-collapse\"\n             id=\"inner-navbar5__collapse-1\">\n            <ul class=\"una-inner-navbar__nav nav navbar-nav\">\n                                    <li class=\"una-inner-navbar__title\">\n                        <span>\n                            MENUS                        <\/span>\n                    <\/li>\n                                        <li class=\"\" >\n                            <a href=\"https:\/\/www.unasp.br\/ciencia\/enaic\/\" >\n                                Home                            <\/a>\n                        <\/li>\n                                                            <li class=\"\" >\n                            <a href=\"https:\/\/unasp.br\/ciencia\/edicoes-anteriores\/\" >\n                                Edi\u00e7\u00f5es Anteriores                            <\/a>\n                        <\/li>\n                                    \n                <li class=\"dropdown\"\n                    data-context=\"more\"\n                >\n                    <a href=\"javascript:void(0)\"\n                       class=\"dropdown-toggle\"\n                       data-toggle=\"dropdown\"\n                       role=\"button\"\n                       aria-haspopup=\"true\"\n                       aria-expanded=\"false\"\n                    >\n                        Mais <span class=\"caret\"><\/span>\n                    <\/a>\n                    <ul class=\"dropdown-menu\"><\/ul>\n                <\/li>\n            <\/ul>\n        <\/div>\n    <\/nav>\n<\/div>\n\n<div id=\"p\" class=\"una-paragraph una-anchor\" data-size=\"medium\">\n    <h1 style=\"text-align: center;\">II Encontro Nacional de Inova\u00e7\u00e3o e Ci\u00eancia (ENAIC) da Educa\u00e7\u00e3o Adventista<\/h1>\n<p>O II ENAIC da Educa\u00e7\u00e3o Adventista conta com a participa\u00e7\u00e3o de institui\u00e7\u00f5es adventistas de ensino superior no Brasil, e visa promover a divulga\u00e7\u00e3o da pesquisa e da inova\u00e7\u00e3o realizada nessas institui\u00e7\u00f5es (e em outras institui\u00e7\u00f5es interessadas), bem como a intera\u00e7\u00e3o entre seus estudantes, pesquisadores e demais pares.<\/p>\n<p>Se voc\u00ea produz ci\u00eancia e\/ou inova\u00e7\u00e3o em alguma \u00e1rea do conhecimento, ou simpatiza com elas, o II ENAIC da Educa\u00e7\u00e3o Adventista \u00e9 para voc\u00ea!<\/p>\n<p>Envolva-se!<\/p>\n<h2>ENAIC 2022<\/h2>\n<p><a href=\"https:\/\/cdn.unasp.br\/unasp-ciencia\/2022\/11\/Melhores-trabalhos-II-ENAIC-da-Educacao-Adventista-2022.pdf\"><strong>Melhores trabalhos II ENAIC da Educa\u00e7\u00e3o Adventista 2022<\/strong><\/a><\/p>\n<p><span class=\"TextRun SCXW75105344 BCX0\" lang=\"PT-BR\" xml:lang=\"PT-BR\" data-contrast=\"auto\"><span class=\"NormalTextRun SCXW75105344 BCX0\"><strong>Organiza\u00e7\u00e3o &#8211; institui\u00e7\u00f5es envolvidas:<\/strong> Faama, Fadba, Fadminas, <span class=\"EOP SCXW75105344 BCX0\" data-ccp-props=\"{&quot;201341983&quot;:0,&quot;335559739&quot;:160,&quot;335559740&quot;:259}\"><span class=\"NormalTextRun SCXW248269304 BCX0\">FAP e Unasp\u00a0<\/span><\/span><\/span><\/span><\/p>\n<h2 style=\"text-align: center;\">DOCUMENTOS PARA SUBMISS\u00c3O<\/h2>\n<p style=\"text-align: left;\"><a href=\"https:\/\/www.unasp.br\/ciencia\/wp-content\/uploads\/2022\/09\/Even3-Regras-para-submissao.docx\">Regras para submiss\u00e3o<\/a><br \/>\n<a href=\"https:\/\/cdn.unasp.br\/unasp-ciencia\/2022\/09\/ENAIC_2022_Procedimentos-para-a-submissao-de-trabalhos.docx\">Procedimentos para submiss\u00e3o de trabalhos<\/a><br \/>\n<a href=\"https:\/\/cdn.unasp.br\/unasp-ciencia\/2022\/09\/ENAIC_2022_Template_Resumo_Simples.docx\">Template de resumo simples<\/a><br \/>\n<a href=\"https:\/\/cdn.unasp.br\/unasp-ciencia\/2022\/09\/ENAIC_2022_Template_Resumo_Expandido.docx\">Template de resumo expandido<\/a><br \/>\n<a href=\"https:\/\/cdn.unasp.br\/unasp-ciencia\/2022\/09\/II-ENAC-EDUCACAO-ADVENTISTA.pptx\">Template de apresenta\u00e7\u00e3o<\/a><br \/>\n<a href=\"https:\/\/cdn.unasp.br\/unasp-ciencia\/2022\/09\/ENAIC_2022_Carta_de_autorizacao_do_orientador.docx\">Carta de autoriza\u00e7\u00e3o do orientador<\/a><br \/>\n<a href=\"https:\/\/cdn.unasp.br\/unasp-ciencia\/2022\/09\/ENAIC_2022_Checklist_para_avaliacao_de_revisao_bibliografica_e_ou_documental.docx\">Checklist para avalia\u00e7\u00e3o de revis\u00e3o bibliogr\u00e1fica ou documental<\/a><br \/>\n<a href=\"https:\/\/cdn.unasp.br\/unasp-ciencia\/2022\/09\/ENAIC_2022_Checklist_para_avaliacao_de_relato_de_experiencia.docx\">Checklist para avalia\u00e7\u00e3o de relato de experi\u00eancia<\/a><br \/>\n<a href=\"https:\/\/cdn.unasp.br\/unasp-ciencia\/2022\/09\/ENAIC_2022_Checklist_para_avaliacao_de_pesquisa_de_campo.docx\">Checklist para avalia\u00e7\u00e3o de pesquisa de campo<\/a><\/p>\n<h3 style=\"text-align: center;\">ISBN do evento<\/h3>\n<p style=\"text-align: center;\"><span class=\"TextRun SCXW163601437 BCX0\" lang=\"PT-BR\" xml:lang=\"PT-BR\" data-contrast=\"auto\"><span class=\"NormalTextRun SCXW163601437 BCX0\">\u00a0978-65-89185-78-9<\/span><\/span><\/p>\n<\/div>\n[\/vc_column][\/vc_row]<\/p>\n","protected":false},"excerpt":{"rendered":"<p>[vc_row][vc_column][\/vc_column][\/vc_row]<\/p>\n","protected":false},"author":93,"featured_media":0,"parent":0,"menu_order":0,"comment_status":"closed","ping_status":"closed","template":"","meta":{"footnotes":""},"yoast_head":"<!-- This site is optimized with the Yoast SEO plugin v23.5 - https:\/\/yoast.com\/wordpress\/plugins\/seo\/ -->\n<title>ENAIC - UNASP - Ci\u00eancia<\/title>\n<meta name=\"robots\" content=\"index, follow, max-snippet:-1, max-image-preview:large, max-video-preview:-1\" \/>\n<link rel=\"canonical\" href=\"https:\/\/unasp.br\/ciencia\/enaic\/\" \/>\n<meta property=\"og:locale\" content=\"pt_BR\" \/>\n<meta property=\"og:type\" content=\"article\" \/>\n<meta property=\"og:title\" content=\"ENAIC - UNASP - Ci\u00eancia\" \/>\n<meta property=\"og:description\" content=\"[vc_row][vc_column][\/vc_column][\/vc_row]\" \/>\n<meta property=\"og:url\" content=\"https:\/\/unasp.br\/ciencia\/enaic\/\" \/>\n<meta property=\"og:site_name\" content=\"UNASP - Ci\u00eancia\" \/>\n<meta property=\"article:modified_time\" content=\"2022-11-23T11:21:07+00:00\" \/>\n<meta name=\"twitter:card\" content=\"summary_large_image\" \/>\n<meta name=\"twitter:label1\" content=\"Est. tempo de leitura\" \/>\n\t<meta name=\"twitter:data1\" content=\"1 minuto\" \/>\n<script type=\"application\/ld+json\" class=\"yoast-schema-graph\">{\"@context\":\"https:\/\/schema.org\",\"@graph\":[{\"@type\":\"WebPage\",\"@id\":\"https:\/\/unasp.br\/ciencia\/enaic\/\",\"url\":\"https:\/\/unasp.br\/ciencia\/enaic\/\",\"name\":\"ENAIC - UNASP - Ci\u00eancia\",\"isPartOf\":{\"@id\":\"https:\/\/unasp.br\/ciencia\/#website\"},\"datePublished\":\"2021-06-16T14:07:38+00:00\",\"dateModified\":\"2022-11-23T11:21:07+00:00\",\"breadcrumb\":{\"@id\":\"https:\/\/unasp.br\/ciencia\/enaic\/#breadcrumb\"},\"inLanguage\":\"pt-BR\",\"potentialAction\":[{\"@type\":\"ReadAction\",\"target\":[\"https:\/\/unasp.br\/ciencia\/enaic\/\"]}]},{\"@type\":\"BreadcrumbList\",\"@id\":\"https:\/\/unasp.br\/ciencia\/enaic\/#breadcrumb\",\"itemListElement\":[{\"@type\":\"ListItem\",\"position\":1,\"name\":\"In\u00edcio\",\"item\":\"https:\/\/unasp.br\/ciencia\/\"},{\"@type\":\"ListItem\",\"position\":2,\"name\":\"ENAIC\"}]},{\"@type\":\"WebSite\",\"@id\":\"https:\/\/unasp.br\/ciencia\/#website\",\"url\":\"https:\/\/unasp.br\/ciencia\/\",\"name\":\"UNASP - Ci\u00eancia\",\"description\":\"Centro Universit\u00e1rio Adventista de S\u00e3o Paulo\",\"potentialAction\":[{\"@type\":\"SearchAction\",\"target\":{\"@type\":\"EntryPoint\",\"urlTemplate\":\"https:\/\/unasp.br\/ciencia\/?s={search_term_string}\"},\"query-input\":{\"@type\":\"PropertyValueSpecification\",\"valueRequired\":true,\"valueName\":\"search_term_string\"}}],\"inLanguage\":\"pt-BR\"}]}<\/script>\n<!-- \/ Yoast SEO plugin. -->","yoast_head_json":{"title":"ENAIC - UNASP - Ci\u00eancia","robots":{"index":"index","follow":"follow","max-snippet":"max-snippet:-1","max-image-preview":"max-image-preview:large","max-video-preview":"max-video-preview:-1"},"canonical":"https:\/\/unasp.br\/ciencia\/enaic\/","og_locale":"pt_BR","og_type":"article","og_title":"ENAIC - UNASP - Ci\u00eancia","og_description":"[vc_row][vc_column][\/vc_column][\/vc_row]","og_url":"https:\/\/unasp.br\/ciencia\/enaic\/","og_site_name":"UNASP - Ci\u00eancia","article_modified_time":"2022-11-23T11:21:07+00:00","twitter_card":"summary_large_image","twitter_misc":{"Est. tempo de leitura":"1 minuto"},"schema":{"@context":"https:\/\/schema.org","@graph":[{"@type":"WebPage","@id":"https:\/\/unasp.br\/ciencia\/enaic\/","url":"https:\/\/unasp.br\/ciencia\/enaic\/","name":"ENAIC - UNASP - Ci\u00eancia","isPartOf":{"@id":"https:\/\/unasp.br\/ciencia\/#website"},"datePublished":"2021-06-16T14:07:38+00:00","dateModified":"2022-11-23T11:21:07+00:00","breadcrumb":{"@id":"https:\/\/unasp.br\/ciencia\/enaic\/#breadcrumb"},"inLanguage":"pt-BR","potentialAction":[{"@type":"ReadAction","target":["https:\/\/unasp.br\/ciencia\/enaic\/"]}]},{"@type":"BreadcrumbList","@id":"https:\/\/unasp.br\/ciencia\/enaic\/#breadcrumb","itemListElement":[{"@type":"ListItem","position":1,"name":"In\u00edcio","item":"https:\/\/unasp.br\/ciencia\/"},{"@type":"ListItem","position":2,"name":"ENAIC"}]},{"@type":"WebSite","@id":"https:\/\/unasp.br\/ciencia\/#website","url":"https:\/\/unasp.br\/ciencia\/","name":"UNASP - Ci\u00eancia","description":"Centro Universit\u00e1rio Adventista de S\u00e3o Paulo","potentialAction":[{"@type":"SearchAction","target":{"@type":"EntryPoint","urlTemplate":"https:\/\/unasp.br\/ciencia\/?s={search_term_string}"},"query-input":{"@type":"PropertyValueSpecification","valueRequired":true,"valueName":"search_term_string"}}],"inLanguage":"pt-BR"}]}},"_links":{"self":[{"href":"https:\/\/unasp.br\/ciencia\/wp-json\/wp\/v2\/pages\/22947"}],"collection":[{"href":"https:\/\/unasp.br\/ciencia\/wp-json\/wp\/v2\/pages"}],"about":[{"href":"https:\/\/unasp.br\/ciencia\/wp-json\/wp\/v2\/types\/page"}],"author":[{"embeddable":true,"href":"https:\/\/unasp.br\/ciencia\/wp-json\/wp\/v2\/users\/93"}],"replies":[{"embeddable":true,"href":"https:\/\/unasp.br\/ciencia\/wp-json\/wp\/v2\/comments?post=22947"}],"version-history":[{"count":32,"href":"https:\/\/unasp.br\/ciencia\/wp-json\/wp\/v2\/pages\/22947\/revisions"}],"predecessor-version":[{"id":23757,"href":"https:\/\/unasp.br\/ciencia\/wp-json\/wp\/v2\/pages\/22947\/revisions\/23757"}],"wp:attachment":[{"href":"https:\/\/unasp.br\/ciencia\/wp-json\/wp\/v2\/media?parent=22947"}],"curies":[{"name":"wp","href":"https:\/\/api.w.org\/{rel}","templated":true}]}}