{"id":23514,"date":"2022-03-15T11:16:52","date_gmt":"2022-03-15T14:16:52","guid":{"rendered":"https:\/\/www.unasp.br\/ciencia\/?page_id=23514"},"modified":"2022-03-29T10:34:57","modified_gmt":"2022-03-29T13:34:57","slug":"edicoes-anteriores","status":"publish","type":"page","link":"https:\/\/unasp.br\/ciencia\/edicoes-anteriores\/","title":{"rendered":"Edi\u00e7\u00f5es Anteriores"},"content":{"rendered":"<p>[vc_row][vc_column]\n<div class=\"una-inner-navbar-wrapper full-width\"\n     data-font-size=\"normal\"\n      data-fill=\"darkBlue\"      data-title=\"true\">\n    <nav class=\"navbar una-inner-navbar container\"\n             >\n        <div class=\"navbar-header\">\n            <button type=\"button\"\n                    class=\"navbar-toggle collapsed\"\n                    data-toggle=\"collapse\"\n                    data-target=\"#inner-navbar5__collapse-1\"\n                    aria-expanded=\"false\">\n                <span>MENUS<\/span>\n                <i class=\"fa fa-caret-down\"><\/i>\n                <i class=\"fa fa-caret-up\"><\/i>\n            <\/button>\n        <\/div>\n\n        <div class=\"collapse navbar-collapse\"\n             id=\"inner-navbar5__collapse-1\">\n            <ul class=\"una-inner-navbar__nav nav navbar-nav\">\n                                    <li class=\"una-inner-navbar__title\">\n                        <span>\n                            MENUS                        <\/span>\n                    <\/li>\n                                        <li class=\"\" >\n                            <a href=\"https:\/\/www.unasp.br\/ciencia\/enaic\/\" >\n                                Home                            <\/a>\n                        <\/li>\n                                                            <li class=\"active\" >\n                            <a href=\"https:\/\/unasp.br\/ciencia\/edicoes-anteriores\/\" >\n                                Edi\u00e7\u00f5es Anteriores                            <\/a>\n                        <\/li>\n                                    \n                <li class=\"dropdown\"\n                    data-context=\"more\"\n                >\n                    <a href=\"javascript:void(0)\"\n                       class=\"dropdown-toggle\"\n                       data-toggle=\"dropdown\"\n                       role=\"button\"\n                       aria-haspopup=\"true\"\n                       aria-expanded=\"false\"\n                    >\n                        Mais <span class=\"caret\"><\/span>\n                    <\/a>\n                    <ul class=\"dropdown-menu\"><\/ul>\n                <\/li>\n            <\/ul>\n        <\/div>\n    <\/nav>\n<\/div>\n[vc_column_text]<\/p>\n<h1 style=\"text-align: center;\">Edi\u00e7\u00f5es Anteriores<\/h1>\n<p>[\/vc_column_text][vc_separator color=&#8221;custom&#8221; accent_color=&#8221;#2464a4&#8243;]\n<div id=\"p\" class=\"una-paragraph una-anchor\" data-size=\"medium\">\n    <h2><strong>I ENAIC da Educa\u00e7\u00e3o Adventista &#8211; 2021<\/strong><\/h2>\n<p><strong>Data e local do evento:<br \/>\n<\/strong><span class=\"TextRun SCXW225270390 BCX0\" lang=\"PT-BR\" xml:lang=\"PT-BR\" data-contrast=\"auto\"><span class=\"NormalTextRun SCXW225270390 BCX0\">21 de novembro de 2021<\/span><\/span><span class=\"TextRun SCXW225270390 BCX0\" lang=\"PT-BR\" xml:lang=\"PT-BR\" data-contrast=\"auto\"><span class=\"NormalTextRun SCXW225270390 BCX0\"> \u2013 evento online:<\/span><span class=\"NormalTextRun SCXW225270390 BCX0\">\u00a0<\/span><\/span><a class=\"Hyperlink SCXW225270390 BCX0\" href=\"https:\/\/www.even3.com.br\/ienaiceducacaoadventista\/\" target=\"_blank\" rel=\"noreferrer noopener\"><span class=\"TextRun Underlined SCXW225270390 BCX0\" lang=\"PT-BR\" xml:lang=\"PT-BR\" data-contrast=\"none\"><span class=\"NormalTextRun SCXW225270390 BCX0\" data-ccp-charstyle=\"Hyperlink\">https:\/\/www.even3.com.br\/ienaiceducacaoadventista\/<\/span><\/span><\/a><span class=\"TextRun SCXW225270390 BCX0\" lang=\"PT-BR\" xml:lang=\"PT-BR\" data-contrast=\"auto\"><span class=\"NormalTextRun SCXW225270390 BCX0\">\u00a0<\/span><\/span><span class=\"EOP SCXW225270390 BCX0\" data-ccp-props=\"{&quot;201341983&quot;:0,&quot;335559739&quot;:160,&quot;335559740&quot;:259}\">\u00a0<\/span><\/p>\n<p><strong>ISBN do evento:<br \/>\n<\/strong><span class=\"TextRun SCXW185698516 BCX0\" lang=\"PT-BR\" xml:lang=\"PT-BR\" data-contrast=\"auto\"><span class=\"NormalTextRun SCXW185698516 BCX0\">978-65-89185-78-9<\/span><\/span><span class=\"EOP SCXW185698516 BCX0\" data-ccp-props=\"{&quot;201341983&quot;:0,&quot;335559739&quot;:160,&quot;335559740&quot;:259}\">\u00a0<\/span><\/p>\n<p><strong>Link para os anais:<br \/>\n<\/strong><span data-contrast=\"auto\">Os anais dos eventos podem ser encontrados no link: <a href=\"https:\/\/www.even3.com.br\/anais\/ienaiceducacaoadventista\/\">https:\/\/www.even3.com.br\/anais\/ienaiceducacaoadventista\/<\/a>\u00a0<\/span><\/p>\n<p><span data-contrast=\"auto\"> <strong>Organiza\u00e7\u00e3o &#8211; institui\u00e7\u00f5es envolvidas:<br \/>\n<\/strong><\/span><span class=\"TextRun SCXW106394092 BCX0\" lang=\"PT-BR\" xml:lang=\"PT-BR\" data-contrast=\"auto\"><span class=\"NormalTextRun SCXW106394092 BCX0\">Fadba, FAP e Unasp<\/span><\/span><\/p>\n<\/div>\n[vc_separator color=&#8221;custom&#8221; accent_color=&#8221;#2464a4&#8243;][\/vc_column][\/vc_row][vc_row][vc_column]\n<div id=\"p\" class=\"una-paragraph una-anchor\" data-size=\"medium\">\n    <h2>ENAIC &#8211; 2020<\/h2>\n<p><strong>Data e local do evento:<br \/>\n<\/strong><span class=\"TextRun SCXW145028840 BCX0\" lang=\"PT-BR\" xml:lang=\"PT-BR\" data-contrast=\"auto\"><span class=\"NormalTextRun SCXW145028840 BCX0\">9 de novembro de 2020<\/span><\/span><span class=\"TextRun SCXW145028840 BCX0\" lang=\"PT-BR\" xml:lang=\"PT-BR\" data-contrast=\"auto\"><span class=\"NormalTextRun SCXW145028840 BCX0\"> \u2013 <\/span><span class=\"NormalTextRun SCXW145028840 BCX0\">e<\/span><span class=\"NormalTextRun SCXW145028840 BCX0\">vento online: <\/span><\/span><a class=\"Hyperlink SCXW145028840 BCX0\" href=\"https:\/\/www.even3.com.br\/enaic2020\/\" target=\"_blank\" rel=\"noreferrer noopener\"><span class=\"TextRun Underlined SCXW145028840 BCX0\" lang=\"PT-BR\" xml:lang=\"PT-BR\" data-contrast=\"none\"><span class=\"NormalTextRun SCXW145028840 BCX0\" data-ccp-charstyle=\"Hyperlink\">https:\/\/www.even3.com.br\/enaic2020\/<\/span><\/span><\/a><span class=\"TextRun SCXW145028840 BCX0\" lang=\"PT-BR\" xml:lang=\"PT-BR\" data-contrast=\"auto\"><span class=\"NormalTextRun SCXW145028840 BCX0\">\u00a0<\/span><span class=\"NormalTextRun SCXW145028840 BCX0\">\u00a0<\/span><\/span><span class=\"EOP SCXW145028840 BCX0\" data-ccp-props=\"{&quot;201341983&quot;:0,&quot;335559739&quot;:160,&quot;335559740&quot;:259}\">\u00a0<\/span><\/p>\n<p><strong>ISSN do evento:<br \/>\n<\/strong><span class=\"TextRun SCXW1670242 BCX0\" lang=\"PT-BR\" xml:lang=\"PT-BR\" data-contrast=\"auto\"><span class=\"NormalTextRun SCXW1670242 BCX0\">2237-3470<\/span><\/span><span class=\"EOP SCXW1670242 BCX0\" data-ccp-props=\"{&quot;201341983&quot;:0,&quot;335559739&quot;:160,&quot;335559740&quot;:259}\">\u00a0<\/span><\/p>\n<p><strong>Link para os anais:<br \/>\n<\/strong><span data-contrast=\"auto\">Os anais dos eventos podem ser encontrados no link:<\/span><span data-contrast=\"auto\">\u00a0<\/span><a href=\"https:\/\/www.even3.com.br\/anais\/enaic2020\/\"><span data-contrast=\"none\">https:\/\/www.even3.com.br\/anais\/enaic2020\/<\/span><\/a><\/p>\n<p><strong>Organiza\u00e7\u00e3o &#8211; institui\u00e7\u00f5es envolvidas:<br \/>\n<\/strong>Unasp<\/p>\n<\/div>\n[vc_separator color=&#8221;custom&#8221; accent_color=&#8221;#2464a4&#8243;][\/vc_column][\/vc_row][vc_row][vc_column]\n<div id=\"p\" class=\"una-paragraph una-anchor\" data-size=\"medium\">\n    <h2>Como acessar os certificados dos eventos<\/h2>\n<p><span class=\"TextRun SCXW154150224 BCX0\" lang=\"PT-BR\" xml:lang=\"PT-BR\" data-contrast=\"auto\"><span class=\"NormalTextRun SCXW154150224 BCX0\">Voc\u00ea precisa do seu certificado de participa\u00e7\u00e3o do ENAIC? Para acess\u00e1-lo \u00e9 <\/span><span class=\"NormalTextRun SCXW154150224 BCX0\">bem f\u00e1cil! Basta voc\u00ea entrar na plataforma da Even3<\/span><span class=\"NormalTextRun SCXW154150224 BCX0\"> \u2013<\/span><span class=\"NormalTextRun SCXW154150224 BCX0\"> na p\u00e1gina inicial <\/span><span class=\"NormalTextRun SCXW154150224 BCX0\">(<\/span><span class=\"NormalTextRun SCXW154150224 BCX0\">\u00e1rea do participante<\/span><span class=\"NormalTextRun SCXW154150224 BCX0\">), que no menu do lado esquerdo<\/span><span class=\"NormalTextRun SCXW154150224 BCX0\"> voc\u00ea dever\u00e1 encontrar <\/span><span class=\"NormalTextRun SCXW154150224 BCX0\">um \u00edcone escrito &#8220;Certificados&#8221;.<\/span><\/span><\/p>\n<p><img loading=\"lazy\" decoding=\"async\" class=\"wp-image-23531 aligncenter\" src=\"https:\/\/www.unasp.br\/ciencia\/wp-content\/uploads\/2022\/03\/certificadoeven3-300x145.png\" alt=\"\" width=\"577\" height=\"279\" srcset=\"https:\/\/cdn.unasp.br\/ciencia\/2022\/03\/certificadoeven3-300x145.png 300w, https:\/\/cdn.unasp.br\/ciencia\/2022\/03\/certificadoeven3-1024x494.png 1024w, https:\/\/cdn.unasp.br\/ciencia\/2022\/03\/certificadoeven3-768x371.png 768w, https:\/\/cdn.unasp.br\/ciencia\/2022\/03\/certificadoeven3-1243x600.png 1243w, https:\/\/cdn.unasp.br\/ciencia\/2022\/03\/certificadoeven3-800x386.png 800w, https:\/\/cdn.unasp.br\/ciencia\/2022\/03\/certificadoeven3-750x362.png 750w, https:\/\/cdn.unasp.br\/ciencia\/2022\/03\/certificadoeven3-720x348.png 720w, https:\/\/cdn.unasp.br\/ciencia\/2022\/03\/certificadoeven3-580x280.png 580w, https:\/\/cdn.unasp.br\/ciencia\/2022\/03\/certificadoeven3-512x247.png 512w, https:\/\/cdn.unasp.br\/ciencia\/2022\/03\/certificadoeven3-500x241.png 500w, https:\/\/cdn.unasp.br\/ciencia\/2022\/03\/certificadoeven3-400x193.png 400w, https:\/\/cdn.unasp.br\/ciencia\/2022\/03\/certificadoeven3-200x97.png 200w, https:\/\/cdn.unasp.br\/ciencia\/2022\/03\/certificadoeven3-175x84.png 175w, https:\/\/cdn.unasp.br\/ciencia\/2022\/03\/certificadoeven3-100x48.png 100w, https:\/\/cdn.unasp.br\/ciencia\/2022\/03\/certificadoeven3-50x24.png 50w, https:\/\/cdn.unasp.br\/ciencia\/2022\/03\/certificadoeven3.png 1361w\" sizes=\"(max-width: 577px) 100vw, 577px\" \/><\/p>\n<\/div>\n[\/vc_column][\/vc_row]<\/p>\n","protected":false},"excerpt":{"rendered":"<p>[vc_row][vc_column][vc_column_text] Edi\u00e7\u00f5es Anteriores [\/vc_column_text][vc_separator color=&#8221;custom&#8221; accent_color=&#8221;#2464a4&#8243;][vc_separator color=&#8221;custom&#8221; accent_color=&#8221;#2464a4&#8243;][\/vc_column][\/vc_row][vc_row][vc_column][vc_separator color=&#8221;custom&#8221; accent_color=&#8221;#2464a4&#8243;][\/vc_column][\/vc_row][vc_row][vc_column][\/vc_column][\/vc_row]<\/p>\n","protected":false},"author":93,"featured_media":0,"parent":0,"menu_order":0,"comment_status":"closed","ping_status":"closed","template":"","meta":{"footnotes":""},"yoast_head":"<!-- This site is optimized with the Yoast SEO plugin v23.5 - https:\/\/yoast.com\/wordpress\/plugins\/seo\/ -->\n<title>Edi\u00e7\u00f5es Anteriores - UNASP - Ci\u00eancia<\/title>\n<meta name=\"robots\" content=\"index, follow, max-snippet:-1, max-image-preview:large, max-video-preview:-1\" \/>\n<link rel=\"canonical\" href=\"https:\/\/unasp.br\/ciencia\/edicoes-anteriores\/\" \/>\n<meta property=\"og:locale\" content=\"pt_BR\" \/>\n<meta property=\"og:type\" content=\"article\" \/>\n<meta property=\"og:title\" content=\"Edi\u00e7\u00f5es Anteriores - UNASP - Ci\u00eancia\" \/>\n<meta property=\"og:description\" content=\"[vc_row][vc_column][vc_column_text] Edi\u00e7\u00f5es Anteriores [\/vc_column_text][vc_separator color=&#8221;custom&#8221; accent_color=&#8221;#2464a4&#8243;][vc_separator color=&#8221;custom&#8221; accent_color=&#8221;#2464a4&#8243;][\/vc_column][\/vc_row][vc_row][vc_column][vc_separator color=&#8221;custom&#8221; accent_color=&#8221;#2464a4&#8243;][\/vc_column][\/vc_row][vc_row][vc_column][\/vc_column][\/vc_row]\" \/>\n<meta property=\"og:url\" content=\"https:\/\/unasp.br\/ciencia\/edicoes-anteriores\/\" \/>\n<meta property=\"og:site_name\" content=\"UNASP - Ci\u00eancia\" \/>\n<meta property=\"article:modified_time\" content=\"2022-03-29T13:34:57+00:00\" \/>\n<meta property=\"og:image\" content=\"https:\/\/www.unasp.br\/ciencia\/wp-content\/uploads\/2022\/03\/certificadoeven3-300x145.png\" \/>\n<meta name=\"twitter:card\" content=\"summary_large_image\" \/>\n<meta name=\"twitter:label1\" content=\"Est. tempo de leitura\" \/>\n\t<meta name=\"twitter:data1\" content=\"1 minuto\" \/>\n<script type=\"application\/ld+json\" class=\"yoast-schema-graph\">{\"@context\":\"https:\/\/schema.org\",\"@graph\":[{\"@type\":\"WebPage\",\"@id\":\"https:\/\/unasp.br\/ciencia\/edicoes-anteriores\/\",\"url\":\"https:\/\/unasp.br\/ciencia\/edicoes-anteriores\/\",\"name\":\"Edi\u00e7\u00f5es Anteriores - UNASP - Ci\u00eancia\",\"isPartOf\":{\"@id\":\"https:\/\/unasp.br\/ciencia\/#website\"},\"primaryImageOfPage\":{\"@id\":\"https:\/\/unasp.br\/ciencia\/edicoes-anteriores\/#primaryimage\"},\"image\":{\"@id\":\"https:\/\/unasp.br\/ciencia\/edicoes-anteriores\/#primaryimage\"},\"thumbnailUrl\":\"https:\/\/www.unasp.br\/ciencia\/wp-content\/uploads\/2022\/03\/certificadoeven3-300x145.png\",\"datePublished\":\"2022-03-15T14:16:52+00:00\",\"dateModified\":\"2022-03-29T13:34:57+00:00\",\"breadcrumb\":{\"@id\":\"https:\/\/unasp.br\/ciencia\/edicoes-anteriores\/#breadcrumb\"},\"inLanguage\":\"pt-BR\",\"potentialAction\":[{\"@type\":\"ReadAction\",\"target\":[\"https:\/\/unasp.br\/ciencia\/edicoes-anteriores\/\"]}]},{\"@type\":\"ImageObject\",\"inLanguage\":\"pt-BR\",\"@id\":\"https:\/\/unasp.br\/ciencia\/edicoes-anteriores\/#primaryimage\",\"url\":\"https:\/\/www.unasp.br\/ciencia\/wp-content\/uploads\/2022\/03\/certificadoeven3-300x145.png\",\"contentUrl\":\"https:\/\/www.unasp.br\/ciencia\/wp-content\/uploads\/2022\/03\/certificadoeven3-300x145.png\"},{\"@type\":\"BreadcrumbList\",\"@id\":\"https:\/\/unasp.br\/ciencia\/edicoes-anteriores\/#breadcrumb\",\"itemListElement\":[{\"@type\":\"ListItem\",\"position\":1,\"name\":\"In\u00edcio\",\"item\":\"https:\/\/unasp.br\/ciencia\/\"},{\"@type\":\"ListItem\",\"position\":2,\"name\":\"Edi\u00e7\u00f5es Anteriores\"}]},{\"@type\":\"WebSite\",\"@id\":\"https:\/\/unasp.br\/ciencia\/#website\",\"url\":\"https:\/\/unasp.br\/ciencia\/\",\"name\":\"UNASP - Ci\u00eancia\",\"description\":\"Centro Universit\u00e1rio Adventista de S\u00e3o Paulo\",\"potentialAction\":[{\"@type\":\"SearchAction\",\"target\":{\"@type\":\"EntryPoint\",\"urlTemplate\":\"https:\/\/unasp.br\/ciencia\/?s={search_term_string}\"},\"query-input\":{\"@type\":\"PropertyValueSpecification\",\"valueRequired\":true,\"valueName\":\"search_term_string\"}}],\"inLanguage\":\"pt-BR\"}]}<\/script>\n<!-- \/ Yoast SEO plugin. -->","yoast_head_json":{"title":"Edi\u00e7\u00f5es Anteriores - UNASP - Ci\u00eancia","robots":{"index":"index","follow":"follow","max-snippet":"max-snippet:-1","max-image-preview":"max-image-preview:large","max-video-preview":"max-video-preview:-1"},"canonical":"https:\/\/unasp.br\/ciencia\/edicoes-anteriores\/","og_locale":"pt_BR","og_type":"article","og_title":"Edi\u00e7\u00f5es Anteriores - UNASP - Ci\u00eancia","og_description":"[vc_row][vc_column][vc_column_text] Edi\u00e7\u00f5es Anteriores [\/vc_column_text][vc_separator color=&#8221;custom&#8221; accent_color=&#8221;#2464a4&#8243;][vc_separator color=&#8221;custom&#8221; accent_color=&#8221;#2464a4&#8243;][\/vc_column][\/vc_row][vc_row][vc_column][vc_separator color=&#8221;custom&#8221; accent_color=&#8221;#2464a4&#8243;][\/vc_column][\/vc_row][vc_row][vc_column][\/vc_column][\/vc_row]","og_url":"https:\/\/unasp.br\/ciencia\/edicoes-anteriores\/","og_site_name":"UNASP - Ci\u00eancia","article_modified_time":"2022-03-29T13:34:57+00:00","og_image":[{"url":"https:\/\/www.unasp.br\/ciencia\/wp-content\/uploads\/2022\/03\/certificadoeven3-300x145.png"}],"twitter_card":"summary_large_image","twitter_misc":{"Est. tempo de leitura":"1 minuto"},"schema":{"@context":"https:\/\/schema.org","@graph":[{"@type":"WebPage","@id":"https:\/\/unasp.br\/ciencia\/edicoes-anteriores\/","url":"https:\/\/unasp.br\/ciencia\/edicoes-anteriores\/","name":"Edi\u00e7\u00f5es Anteriores - UNASP - Ci\u00eancia","isPartOf":{"@id":"https:\/\/unasp.br\/ciencia\/#website"},"primaryImageOfPage":{"@id":"https:\/\/unasp.br\/ciencia\/edicoes-anteriores\/#primaryimage"},"image":{"@id":"https:\/\/unasp.br\/ciencia\/edicoes-anteriores\/#primaryimage"},"thumbnailUrl":"https:\/\/www.unasp.br\/ciencia\/wp-content\/uploads\/2022\/03\/certificadoeven3-300x145.png","datePublished":"2022-03-15T14:16:52+00:00","dateModified":"2022-03-29T13:34:57+00:00","breadcrumb":{"@id":"https:\/\/unasp.br\/ciencia\/edicoes-anteriores\/#breadcrumb"},"inLanguage":"pt-BR","potentialAction":[{"@type":"ReadAction","target":["https:\/\/unasp.br\/ciencia\/edicoes-anteriores\/"]}]},{"@type":"ImageObject","inLanguage":"pt-BR","@id":"https:\/\/unasp.br\/ciencia\/edicoes-anteriores\/#primaryimage","url":"https:\/\/www.unasp.br\/ciencia\/wp-content\/uploads\/2022\/03\/certificadoeven3-300x145.png","contentUrl":"https:\/\/www.unasp.br\/ciencia\/wp-content\/uploads\/2022\/03\/certificadoeven3-300x145.png"},{"@type":"BreadcrumbList","@id":"https:\/\/unasp.br\/ciencia\/edicoes-anteriores\/#breadcrumb","itemListElement":[{"@type":"ListItem","position":1,"name":"In\u00edcio","item":"https:\/\/unasp.br\/ciencia\/"},{"@type":"ListItem","position":2,"name":"Edi\u00e7\u00f5es Anteriores"}]},{"@type":"WebSite","@id":"https:\/\/unasp.br\/ciencia\/#website","url":"https:\/\/unasp.br\/ciencia\/","name":"UNASP - Ci\u00eancia","description":"Centro Universit\u00e1rio Adventista de S\u00e3o Paulo","potentialAction":[{"@type":"SearchAction","target":{"@type":"EntryPoint","urlTemplate":"https:\/\/unasp.br\/ciencia\/?s={search_term_string}"},"query-input":{"@type":"PropertyValueSpecification","valueRequired":true,"valueName":"search_term_string"}}],"inLanguage":"pt-BR"}]}},"_links":{"self":[{"href":"https:\/\/unasp.br\/ciencia\/wp-json\/wp\/v2\/pages\/23514"}],"collection":[{"href":"https:\/\/unasp.br\/ciencia\/wp-json\/wp\/v2\/pages"}],"about":[{"href":"https:\/\/unasp.br\/ciencia\/wp-json\/wp\/v2\/types\/page"}],"author":[{"embeddable":true,"href":"https:\/\/unasp.br\/ciencia\/wp-json\/wp\/v2\/users\/93"}],"replies":[{"embeddable":true,"href":"https:\/\/unasp.br\/ciencia\/wp-json\/wp\/v2\/comments?post=23514"}],"version-history":[{"count":10,"href":"https:\/\/unasp.br\/ciencia\/wp-json\/wp\/v2\/pages\/23514\/revisions"}],"predecessor-version":[{"id":23539,"href":"https:\/\/unasp.br\/ciencia\/wp-json\/wp\/v2\/pages\/23514\/revisions\/23539"}],"wp:attachment":[{"href":"https:\/\/unasp.br\/ciencia\/wp-json\/wp\/v2\/media?parent=23514"}],"curies":[{"name":"wp","href":"https:\/\/api.w.org\/{rel}","templated":true}]}}